{"id":18,"date":"2021-09-17T17:43:36","date_gmt":"2021-09-17T17:43:36","guid":{"rendered":"https:\/\/www.24hsantander.com\/?page_id=18"},"modified":"2026-04-01T07:34:36","modified_gmt":"2026-04-01T07:34:36","slug":"reglamento","status":"publish","type":"page","link":"https:\/\/www.24hsantander.com\/index.php\/reglamento\/","title":{"rendered":"Reglamento"},"content":{"rendered":"\t\t<div data-elementor-type=\"wp-page\" data-elementor-id=\"18\" class=\"elementor elementor-18\">\n\t\t\t\t\t\t<section class=\"elementor-section elementor-top-section elementor-element elementor-element-e937b40 elementor-section-boxed elementor-section-height-default elementor-section-height-default\" data-id=\"e937b40\" data-element_type=\"section\">\n\t\t\t\t\t\t<div class=\"elementor-container elementor-column-gap-default\">\n\t\t\t\t\t<div class=\"elementor-column elementor-col-100 elementor-top-column elementor-element elementor-element-49cf025\" data-id=\"49cf025\" data-element_type=\"column\">\n\t\t\t<div class=\"elementor-widget-wrap elementor-element-populated\">\n\t\t\t\t\t\t<div class=\"elementor-element elementor-element-93a88a6 elementor-widget elementor-widget-text-editor\" data-id=\"93a88a6\" data-element_type=\"widget\" data-widget_type=\"text-editor.default\">\n\t\t\t\t<div class=\"elementor-widget-container\">\n\t\t\t\t\t\t\t\t\t<p><strong><span style=\"color: #0000ff;\">REGLAMENTO<em> de los 100\/50km y 24 Horas de Cantabria-Ciudad de Santander 5 y 6 septiembre 2026<\/em><\/span><\/strong><\/p><p><span style=\"color: #ff0000;\"><strong><em>20\u00ba CAMPEONATO DE CANTABRIA 100 KM <\/em><\/strong><\/span><\/p><p><span style=\"color: #ff0000;\"><strong><em>6\u00ba CAMPEONATO DE CANTABRIA DE 50 KM<\/em><\/strong><\/span><\/p><p><span style=\"color: #008000;\"><strong><em>FESTIVAL DEL ULTRAFONDO<\/em><\/strong><\/span><\/p><p><strong><em>5 y 6 de Septiembre de 2026<br \/><\/em><\/strong><em>Complejo Municipal de Deportes Ruth Beitia<\/em><\/p><p><strong><u>Art\u00edculo 1\u00ba.- CARRERA<\/u><\/strong><\/p><p>El C.D.B. Atletismo Ultrafondo Cantabria, en colaboraci\u00f3n con el Ayuntamiento de Santander y Gobierno de Cantabria, organizan las 100\/50km y 24 Horas de Cantabria-Ciudad de Santander 5 y 6 septiembre 2026, a partir de las 9,00 horas.<\/p><p>La competici\u00f3n constar\u00e1 de las modalidades de carrera con duraciones de 3 horas, 6 horas, 12 horas y 24 horas, 50 km y 100 km.<\/p><p>La salida de las 50 Km, 100 Km, 3 h, 12 h y 24 h ser\u00e1 a las 09.00 horas del d\u00eda 5 de septiembre.<\/p><p>La salida de las 6 horas ser\u00e1 a las 16.00 horas.<\/p><p>TIEMPO L\u00cdMITE: 24 horas<\/p><p><strong>Habr\u00e1 paso cronometrado de 100 Kms y 100 Millas <\/strong>en las pruebas de 12 h y 24 h. siempre y cuando se haga dentro del tiempo de la carrera inscrita.<\/p><p><strong><em>\u00a0Circuito Homologado (pendiente de homologar) <\/em><\/strong><\/p><p><strong><u>Art\u00edculo 2\u00ba.- PARTICIPANTES<\/u><\/strong><\/p><p>Pueden participar de forma individual cualquier atleta con licencia Nacional de la R.F.E.A 2026, Licencia Nacional de Trail (RFEA) 2026, Carnet Corredor Plus o Licencia Territorial por Cantabria, hombres y mujeres mayores de 18 a\u00f1os.<\/p><p>Los atletas que no re\u00fanan estos requisitos sacar\u00e1n la LICENCIA DE D\u00cdA,\u00a0 abonando 3\u20ac que ser\u00e1n ingresados en la cuenta de la RFEA.<\/p><p><strong><u>\u00a0<\/u><\/strong><u>Licencia de d\u00eda: 3 \u20ac<\/u><\/p><p><strong><u>Art\u00edculo 3\u00ba.- CIRCUITO<\/u><\/strong><\/p><p>El recorrido ser\u00e1 por un circuito cerrado al tr\u00e1fico en el Complejo Municipal de Deportes Ruth Beitia y con una medida de 1250 metros,\u00a0<strong><u>totalmente llano<\/u><\/strong>. El circuito estar\u00e1 <strong>homologado<\/strong> por la RFEA. <strong><u>Todas las marcas son v\u00e1lidas.<\/u><\/strong><\/p><p>Solamente se permite el acompa\u00f1amiento de veh\u00edculos autorizados por la Organizaci\u00f3n con identificaci\u00f3n oficial (bicicletas o motos).<\/p><p>Habr\u00e1 luz durante el recorrido, ba\u00f1os y duchas.<\/p><p><u><img fetchpriority=\"high\" decoding=\"async\" class=\"alignnone wp-image-1397 size-medium\" src=\"https:\/\/www.24hsantander.com\/wp-content\/uploads\/2025\/12\/circuito-2026-300x271.jpg\" alt=\"\" width=\"300\" height=\"271\" srcset=\"https:\/\/www.24hsantander.com\/wp-content\/uploads\/2025\/12\/circuito-2026-300x271.jpg 300w, https:\/\/www.24hsantander.com\/wp-content\/uploads\/2025\/12\/circuito-2026-1024x925.jpg 1024w, https:\/\/www.24hsantander.com\/wp-content\/uploads\/2025\/12\/circuito-2026-768x694.jpg 768w, https:\/\/www.24hsantander.com\/wp-content\/uploads\/2025\/12\/circuito-2026.jpg 1042w\" sizes=\"(max-width: 300px) 100vw, 300px\" \/><\/u><\/p><p><u>SE\u00d1ALIZACI\u00d3N DEL RECORRIDO<\/u><\/p><p>El circuito estar\u00e1 indicado cada 100 metros por pancartas se\u00f1alizadoras, vallas, conos y cinta de recorrido.<\/p><p>El circuito estar\u00e1 alumbrado durante la noche en la carrera de 24 horas.<\/p><p><strong><u>Art\u00edculo 4\u00ba.- CONTROL DE PARTICIPANTES<\/u><\/strong><\/p><p>Cada atleta recoger\u00e1 la v\u00edspera de la prueba, o una hora antes de la salida, el CHIP que llevar\u00e1 de forma visible para facilitar su cronometraje y control.<\/p><p>Los Jueces establecer\u00e1n un PUNTO DE CONTROL en el recorrido por el que todos los atletas deber\u00e1n pasar de manera obligatoria. Los Jueces de la prueba de la FCA velar\u00e1n por el cumplimiento de la normativa RFEA \/ WORLD\u00a0 ATHLETICS y amonestar\u00e1n cautelarmente con una tarjeta amarilla \u00f3 descalificar\u00e1n al participante si se repite el incumplimiento de la norma.<\/p><p>La publicidad de las prendas de los atletas deber\u00e1 ser de acuerdo con las Normas de la RFEA\/ WORLD ATHLETICS.<\/p><p>Cada participante recoger\u00e1 antes de la salida el Dorsal, que se llevar\u00e1 de forma visible en pecho y espalda y respetando su publicidad.<\/p><p>Se establecer\u00e1n controles fijos en el recorrido. Los Jueces podr\u00e1n descalificar en carrera a todo participante que no respete el reglamento o se comporte de forma antideportiva.<\/p><p>\u00a0<strong><u>Art\u00edculo 5\u00ba.- ABANDONO<\/u><\/strong><\/p><p>\u00a0El atleta que abandone entregar\u00e1 su CHIP a los Jueces en la zona de meta.<\/p><p><strong><u>Art\u00edculo 6\u00ba.- CATEGOR\u00cdAS<\/u><\/strong><\/p><p>Se establecer\u00e1n las siguientes categor\u00edas:<\/p><p>Individual: Absoluta Masculina y Femenina.<\/p><p>Haremos una clasificaci\u00f3n con todas las categor\u00edas oficiales Master.<\/p><p><strong><u>Art\u00edculo 7\u00ba.- AVITUALLAMIENTOS<\/u><\/strong><\/p><p>Se establecer\u00e1 el avituallamiento en l\u00ednea de meta de uso general compuesto de: Agua, isot\u00f3nico, Coca-Cola, frutos secos, fruta variada como\u00a0pl\u00e1tanos, mel\u00f3n, sand\u00eda, naranjas, membrillo, d\u00e1tiles, t\u00e9, manzanilla etc. y durante la noche pasta, caldo, tortilla de patata, caf\u00e9.<\/p><p>Se habilitar\u00e1 una ZONA con mesas con carpas cerradas, donde cada atleta puede depositar su propio avituallamiento personal.<\/p><p>A partir de las 22.00 se servir\u00e1 un plato caliente de pasta y caldo (durante toda la noche).<\/p><p>\u00a0<strong><u>Art\u00edculo 8\u00ba.- SERVICIO M\u00c9DICO<\/u><\/strong><\/p><p>La organizaci\u00f3n tendr\u00e1 un dispositivo m\u00e9dico de acuerdo con la legislaci\u00f3n vigente.<\/p><p>El participante dispondr\u00e1 de Servicio M\u00e9dico, Ambulancia SVA \u00a0(Soporte\u00a0vital\u00a0avanzado) y Masaje en \u00a0L\u00ednea de Meta.<\/p><p>Se recomienda hacerse un reconocimiento m\u00e9dico \u00f3 una prueba de esfuerzo a todos los atletas participantes.<\/p><p><strong><u>Art\u00edculo 9\u00ba.- SEGUROS<\/u><\/strong><\/p><p>\u00a0Todos los participantes ser\u00e1n incluidos en una p\u00f3liza de seguros de accidentes deportivos y estar\u00e1n cubiertos ante los posibles accidentes que se produzcan como consecuencia del desarrollo de la prueba.<\/p><p>\u00a0<strong><u>Art\u00edculo 10\u00ba.- CONFIRMACION PARTICIPACI\u00d3N<\/u><\/strong><\/p><p>Todos los participantes reconocen y confirman por el mero hecho de inscribirse y tomar parte en la salida que se encuentran en condiciones f\u00edsicas adecuadas y suficientemente entrenados para participar en la prueba. Que no padecen enfermedad, defecto f\u00edsico o lesi\u00f3n que pueda agravarse y perjudicar su salud al participar en la prueba.<\/p><p><strong><u>Art\u00edculo 11\u00ba.- INSCRIPCIONES<\/u><\/strong><\/p><p><strong>\u00a0<\/strong>Las inscripciones se realizar\u00e1n a trav\u00e9s de www.uno.es\/<\/p><p><u>Cuota individual por carrera:<\/u><\/p><p><em><u>3 horas<\/u><\/em><\/p><p>30\u20ac\u00a0<br \/>(3 \u20ac adicionales por Licencia de D\u00eda)\u00a0<\/p><p><em><u>6 horas<\/u><\/em><\/p><p>60\u20ac\u00a0<br \/>(3 \u20ac adicionales por Licencia de D\u00eda)\u00a0<\/p><p><em><u>12 horas<\/u><\/em><\/p><p>77\u20ac\u00a0<br \/>(3 \u20ac adicionales por Licencia de D\u00eda)<\/p><p><em><u>24 horas<\/u><\/em><\/p><p>90\u20ac\u00a0<br \/>(3 \u20ac adicionales por Licencia de D\u00eda)<\/p><p><em><u>50 Kms<\/u><\/em><\/p><p>50\u20ac\u00a0<br \/>(3 \u20ac adicionales por Licencia de D\u00eda)<\/p><p><em><u>100 Kms<\/u><\/em><\/p><p>50\u20ac\u00a0<br \/>(3 \u20ac adicionales por Licencia de D\u00eda)<\/p><p><strong><br \/><u>La inscripci\u00f3n da derecho a camiseta, medalla especial, avituallamiento, servicio m\u00e9dico y trofeo (3 primeros).<\/u><\/strong><\/p><p>Una vez la inscripci\u00f3n sea aceptada la cuota de devoluci\u00f3n no ser\u00e1 integra, hasta el 31 mayo comunicado por escrito el 50% se devolver\u00e1 y hasta el 31 julio se devolver\u00e1 el 30% comunicado por escrito.<\/p><p>En caso de cancelaci\u00f3n por causas ajenas a la organizaci\u00f3n, se descontar\u00e1 5 euros por gastos de gesti\u00f3n.<\/p><p>\u00a0Para cualquier informaci\u00f3n dirigirse a:\u00a0<a href=\"mailto:24hsantander@gmail.com\">24hsantander@gmail.com<\/a><\/p><p>\u00a0CIERRE DE INSCRIPCI\u00d3N 29 Agosto.<\/p><p><strong><u>Art\u00edculo 12\u00ba.- RECOGIDA DE DORSALES<\/u><\/strong><\/p><p>Se podr\u00e1n recoger los dorsales a partir del viernes 5 de Septiembre a partir de las 16.00 horas hasta las 20.00 horas en el Complejo Municipal de Deportes Ruth Beitia \u00f3 bien una hora antes de la prueba del s\u00e1bado d\u00eda 5 de Septiembre.<\/p><p><u>A la hora de recoger el dorsal con chip se entregar\u00e1 tambi\u00e9n un chip de tobillo y se tendr\u00e1 que dejar como garant\u00eda el DNI\/Pasaporte \u00f3 50 euros que se devolver\u00e1 al entregarle despu\u00e9s de la competici\u00f3n.<\/u><\/p><p><u>\u00a0<\/u><\/p><p>\u00a0<strong><u>Art\u00edculo 13\u00ba.- PREMIOS Y CLASIFICACIONES<\/u><\/strong><\/p><p>\u00a0<strong>Camiseta y medalla especial<\/strong>\u00a0a todos los participantes.<\/p><p>Se entregar\u00e1 trofeos a los 3 primeros de cada prueba hombres y mujeres <u>categor\u00eda absoluta<\/u>.<\/p><p>No obstante haremos una clasificaci\u00f3n con todas las categor\u00edas Master oficiales.<\/p><p>Los Premios econ\u00f3micos a\u00fan por determinar.<\/p><p>Los premios econ\u00f3micos ser\u00e1n para los que se apunten en cada prueba, <strong>SOLO<\/strong> tendr\u00e1 derecho al premio de la prueba a la que est\u00e9 inscrita).<\/p><ul><li><strong><em><u>Los premios si procede, tendr\u00e1n las retenciones correspondientes<\/u><\/em><\/strong><\/li><\/ul><p><strong><u>Art\u00edculo 14\u00ba.- CONTROL ANTIDOPAJE<\/u><\/strong><\/p><p>Los atletas seleccionados para realizar el control antidopaje ser\u00e1n informados despu\u00e9s de finalizar la prueba y ser\u00e1n acompa\u00f1ados y supervisados para realizar la prueba de dopaje lo m\u00e1s pronto posible. Los atletas que se nieguen a realizar el control o den positivo ser\u00e1n descalificados.<\/p><p>\u00a0<strong><u>Art\u00edculo 15\u00ba.- ALOJAMIENTOS<\/u><\/strong><\/p><p>Hay una zona de aparcamiento en l\u00ednea de meta.<\/p><p>Para los interesados en pernoctar en hotel, la organizaci\u00f3n recomienda:<\/p><ul><li><strong><em>HOTEL CHATEAU LA ROCA<\/em><\/strong><\/li><\/ul><p>Tlf: 942 57 91 02\u00a0<\/p><p>email:\u00a0<span style=\"color: #ff0000;\"><a style=\"color: #ff0000;\" href=\"mailto:hotel@chateaularoca.com\">hotel@chateaularoca.com<\/a><\/span><\/p><h1>\u00a0<\/h1><ul><li><strong>Residencia deportiva<\/strong> (lugar de la competici\u00f3n) . del Deporte, s\/n, 39012 Santander, Cantabria<\/li><\/ul><p>Escribir un correo para reservas a: \u00a0\u00a0 <span style=\"color: #ff0000;\"><a style=\"color: #ff0000;\" href=\"mailto:hola@cornersantander.com\">hola@cornersantander.com<\/a><\/span>\u00a0<\/p><p>\u00a0<strong><u>Art\u00edculo 16\u00ba.- DUCHAS Y VESTUARIOS<\/u><\/strong><\/p><p>Junto a meta, habr\u00e1 vestuarios y duchas.<\/p><p><strong><u>Art\u00edculo 17\u00ba.- ATENCI\u00d3N ATLETAS<\/u><\/strong><\/p><p>Unos minutos antes de llegar al final de la prueba, la organizaci\u00f3n entregar\u00e1 un cart\u00f3n duro con el n\u00famero de DORSAL a cada corredor, y \u00e9ste tendr\u00e1 que dejar el cart\u00f3n en el suelo en el momento que suene el disparo FINAL de cada prueba, para que los Jueces de la FCA puedan medir, con la rueda calibrada, los metros del parcial de la vuelta desde el \u00faltimo paso por la alfombra del CHIP.<\/p><p>Un minuto antes de finalizar cada prueba el juez har\u00e1 un disparo al aire para avisar de que falta un minuto y ya en el segundo disparo os deber\u00e9is parar y dej\u00e1is el cart\u00f3n con vuestro n\u00famero de dorsal en el suelo, dicho cart\u00f3n se os dar\u00e1 minutos antes de finalizar cada prueba.<\/p><p><strong><u>Art\u00edculo 18\u00ba.- ACEPTACION<\/u><\/strong><\/p><p>\u00a0Todos los participantes al inscribirse aceptan el presente reglamento. En caso de duda o de surgir alguna situaci\u00f3n no reflejada en el reglamento, prevalecer\u00e1 lo que disponga el Comit\u00e9 Organizador.<\/p><p>A este reglamento se le podr\u00e1n realizar modificaciones hasta el mismo d\u00eda de la prueba si as\u00ed la organizaci\u00f3n se viera obligada a ello, siempre sin perjudicar el inter\u00e9s general de los participantes. La inscripci\u00f3n es personal e intransferible.<\/p><p>\u00a0<\/p><p><strong><u>Art\u00edculo 19\u00ba.-PROTECCI\u00d3N DE DATOS<\/u><\/strong><\/p><p>\u00a0Mediante su inscripci\u00f3n el atleta presta su consentimiento para que el organizador de la prueba, por el mismo o mediante terceras personas, pueda almacenar y usar su nombre y\/o imagen en anuncios, peri\u00f3dicos, folletos y otros medios (incluso en materiales de publicidad y en listados y resultados de competidores) en relaci\u00f3n con el Evento.<\/p><p>En cumplimiento de la Ley Org\u00e1nica 3\/2018, de Protecci\u00f3n de Datos Personales y garant\u00eda de los derechos digitales, as\u00ed como del Reglamento 2016\/679, del Parlamento Europeo y del Consejo, de 27 de abril de 2016, y del resto de normativa de protecci\u00f3n de datos, se le informa que los datos personales facilitados por los participantes y las im\u00e1genes obtenidas ser\u00e1n tratados por la organizaci\u00f3n, con la finalidad de gestionar las inscripciones, la organizaci\u00f3n del Evento, gesti\u00f3n de los patrocinadores, los premios, y dem\u00e1s finalidades contenidas en este Reglamento.<\/p><p>El atleta en cualquier momento podr\u00e1 ejercitar los derechos de acceso, rectificaci\u00f3n, supresi\u00f3n, limitaci\u00f3n y oposici\u00f3n, as\u00ed como retirar su consentimiento en aquellos supuestos en que sea aplicable, enviando una solicitud por escrito acompa\u00f1ada de su DNI dirigida al Comit\u00e9 Organizador 24 Horas de Cantabria \u00abCiudad de Santander\u00bb, a <a href=\"mailto:24hsantander@gmail.com\">24hsantander@gmail.com<\/a><\/p><p>\u00a0<strong><em>NOTA:<\/em><\/strong><em>\u00a0El reglamento podr\u00e1 sufrir modificaciones puntuales hasta 24 horas antes del inicio de la prueba, y pueden cambiar los horarios debidos a problemas meteorol\u00f3gicos.<\/em><\/p><p><span style=\"color: #ff0000;\"><strong><u>Aspectos a tener en cuenta<\/u><\/strong><\/span><\/p><p>Los <strong>dorsales <\/strong>los pod\u00e9is recoger a partir de las 16 horas el viernes en el Complejo Municipal de Deportes Ruth Beitia, hasta las 20.00 horas o el mismo s\u00e1bado a partir de las 07.30 am.<\/p><p>La organizaci\u00f3n habilitar\u00e1 una ZONA DE CARPAS PARA ZONA DE DESCANSO y el atleta tendr\u00e1 que llevar todo lo necesario para su descanso (saco dormir, esterilla, mantas, etc.).<\/p><p>Las pruebas de 24 horas y m\u00e1s duraci\u00f3n si por el circuito no hay tr\u00e1fico rodado, los atletas podr\u00e1n llevar m\u00fasica, as\u00ed que en Santander al estar cerrado al tr\u00e1fico sin problema.<\/p><p>Un minuto antes de finalizar cada prueba el juez har\u00e1 un disparo al aire para avisar de que falta un minuto y ya en el segundo disparo os par\u00e1is y dej\u00e1is un cart\u00f3n con vuestro n\u00famero de dorsal en el suelo que se os dar\u00e1 minutos antes de finalizar cada prueba.<\/p><p>A partir de las 22:00 se dar\u00e1 caldo y pasta, tortilla de patata tambi\u00e9n caf\u00e9\/te\/manzanilla.<\/p><p>En los avituallamientos tendremos pl\u00e1tanos, manzanas, sandia, chocolate, d\u00e1tiles, membrillo, frutos secos, agua, cocacola, aquarius, bebida isot\u00f3nica y cervezas para despu\u00e9s de la carrera.<\/p><p>Habr\u00e1 una zona para depositar vuestro avituallamiento personal en unas mesas que podremos en la zona del verde al aire libre.<\/p><p>Habr\u00e1 una zona de descanso para los atletas de 24 horas.<\/p><p>Vuestras pertenencias si quer\u00e9is las pod\u00e9is dejar en una carpa que pongamos en la zona de salida\/meta o bien en el t\u00fanel con mesas que hay en la zona de los servicios.<\/p><p>Si por cualquier raz\u00f3n ten\u00e9is que parar antes de finalizar vuestra carrera, ten\u00e9is que comunicarlo a los jueces y as\u00ed los kil\u00f3metros acumulados tendr\u00e1n validez. Una vez que se abandona el circuito no se puede volver a correr.<\/p><p>Si llev\u00e1is un acompa\u00f1ante para ayudaros en los avituallamientos puede estar detr\u00e1s de las mesas para daros cualquier cosa.<\/p><p>Habr\u00e1 en la zona de meta una zona por si quer\u00e9is cargar los tel\u00e9fonos m\u00f3viles o cualquier dispositivo.<\/p><p>Tendr\u00e9is a vuestra disposici\u00f3n en meta de unas neveras por si quer\u00e9is dejar alg\u00fan alimento o bebida.<\/p><p><strong><u>S\u00e1bado 5 septiembre<\/u><\/strong><\/p><p><strong>09.00<\/strong> salida 50Km, 100Km, 3h, 12h y 24 horas<\/p><p><strong>12.00<\/strong> Fin de las 3 horas y llegada de los atletas de 50 km<\/p><p><strong>12.30<\/strong> entrega premios 3 horas<\/p><p><strong>16.00 <\/strong>Salida de las 6 horas<\/p><p><strong>16.30<\/strong> Llegada de los primeros atletas 100 Km<\/p><p><strong>19.00<\/strong> entrega premios 50 Km y 100 Km<\/p><p><strong>21.00<\/strong> Fin 12 horas<\/p><p><strong>21.30<\/strong> entrega premios 12 horas<\/p><p><strong>22.00<\/strong> Fin 6 horas<\/p><p><strong>22.30<\/strong> entrega premios 6 horas<\/p><p><strong><u>Domingo 6 septiembre<\/u><\/strong><\/p><p><strong>09.00<\/strong> Fin de las\u00a0 24 horas<\/p><p><strong>10.00<\/strong> entrega premios 24 horas<\/p>\t\t\t\t\t\t\t\t<\/div>\n\t\t\t\t<\/div>\n\t\t\t\t\t<\/div>\n\t\t<\/div>\n\t\t\t\t\t<\/div>\n\t\t<\/section>\n\t\t\t\t<\/div>\n\t\t","protected":false},"excerpt":{"rendered":"<p>REGLAMENTO de los 100\/50km y 24 Horas de Cantabria-Ciudad de Santander 5 y 6 septiembre 2026 20\u00ba CAMPEONATO DE CANTABRIA 100 KM 6\u00ba CAMPEONATO DE CANTABRIA DE 50 KM FESTIVAL DEL ULTRAFONDO 5 y 6 de Septiembre de 2026Complejo Municipal de Deportes Ruth Beitia Art\u00edculo 1\u00ba.- CARRERA El C.D.B. Atletismo Ultrafondo Cantabria, en colaboraci\u00f3n con&hellip;&nbsp;<a href=\"https:\/\/www.24hsantander.com\/index.php\/reglamento\/\" rel=\"bookmark\">Leer m\u00e1s &raquo;<span class=\"screen-reader-text\">Reglamento<\/span><\/a><\/p>\n","protected":false},"author":1,"featured_media":0,"parent":0,"menu_order":0,"comment_status":"closed","ping_status":"closed","template":"","meta":{"neve_meta_sidebar":"","neve_meta_container":"","neve_meta_enable_content_width":"","neve_meta_content_width":0,"neve_meta_title_alignment":"","neve_meta_author_avatar":"","neve_post_elements_order":"","neve_meta_disable_header":"","neve_meta_disable_footer":"","neve_meta_disable_title":"","footnotes":""},"class_list":["post-18","page","type-page","status-publish","hentry"],"jetpack_sharing_enabled":true,"_links":{"self":[{"href":"https:\/\/www.24hsantander.com\/index.php\/wp-json\/wp\/v2\/pages\/18","targetHints":{"allow":["GET"]}}],"collection":[{"href":"https:\/\/www.24hsantander.com\/index.php\/wp-json\/wp\/v2\/pages"}],"about":[{"href":"https:\/\/www.24hsantander.com\/index.php\/wp-json\/wp\/v2\/types\/page"}],"author":[{"embeddable":true,"href":"https:\/\/www.24hsantander.com\/index.php\/wp-json\/wp\/v2\/users\/1"}],"replies":[{"embeddable":true,"href":"https:\/\/www.24hsantander.com\/index.php\/wp-json\/wp\/v2\/comments?post=18"}],"version-history":[{"count":323,"href":"https:\/\/www.24hsantander.com\/index.php\/wp-json\/wp\/v2\/pages\/18\/revisions"}],"predecessor-version":[{"id":1436,"href":"https:\/\/www.24hsantander.com\/index.php\/wp-json\/wp\/v2\/pages\/18\/revisions\/1436"}],"wp:attachment":[{"href":"https:\/\/www.24hsantander.com\/index.php\/wp-json\/wp\/v2\/media?parent=18"}],"curies":[{"name":"wp","href":"https:\/\/api.w.org\/{rel}","templated":true}]}}