{"id":13,"date":"2021-09-17T17:25:44","date_gmt":"2021-09-17T17:25:44","guid":{"rendered":"https:\/\/www.24hsantander.com\/?page_id=13"},"modified":"2025-12-26T22:36:51","modified_gmt":"2025-12-26T22:36:51","slug":"inicio","status":"publish","type":"page","link":"https:\/\/www.24hsantander.com\/","title":{"rendered":"Inicio"},"content":{"rendered":"\t\t<div data-elementor-type=\"wp-page\" data-elementor-id=\"13\" class=\"elementor elementor-13\">\n\t\t\t\t\t\t<section class=\"elementor-section elementor-top-section elementor-element elementor-element-e9a1861 elementor-section-boxed elementor-section-height-default elementor-section-height-default\" data-id=\"e9a1861\" data-element_type=\"section\">\n\t\t\t\t\t\t<div class=\"elementor-container elementor-column-gap-default\">\n\t\t\t\t\t<div class=\"elementor-column elementor-col-100 elementor-top-column elementor-element elementor-element-8f8fa74\" data-id=\"8f8fa74\" data-element_type=\"column\">\n\t\t\t<div class=\"elementor-widget-wrap elementor-element-populated\">\n\t\t\t\t\t\t<div class=\"elementor-element elementor-element-b89cdea elementor-widget elementor-widget-text-editor\" data-id=\"b89cdea\" data-element_type=\"widget\" data-widget_type=\"text-editor.default\">\n\t\t\t\t<div class=\"elementor-widget-container\">\n\t\t\t\t\t\t\t\t\t<p><span style=\"color: #000000;\">El\u00a0<strong>Festival de Ultrafondo &#8211; <em>100\/50km y 24 Horas de Cantabria-Ciudad de Santander, <\/em><\/strong>es un prestigioso evento deportivo que se llevar\u00e1 a cabo los d\u00edas\u00a0<strong>5 y 6 de septiembre de 2026<\/strong>\u00a0en la ciudad de\u00a0<strong>Santander, Espa\u00f1a<\/strong>. Esta prueba, reconocida y homologada por la\u00a0<strong>Real Federaci\u00f3n Espa\u00f1ola de Atletismo (RFEA)<\/strong>, ofrece a los participantes la oportunidad de competir en un entorno oficial y con validez tanto Nacional como Internacional.<\/span><\/p><p><span style=\"color: #000000;\">La competici\u00f3n constar\u00e1 de las modalidades de carrera con duraciones de 3 horas, 6 horas, 12 horas y 24 horas, 50 km y 100 km.<\/span><\/p><p><span style=\"color: #000000;\">Todos los resultados obtenidos durante la prueba ser\u00e1n v\u00e1lidos y quedar\u00e1n registrados en los rankings correspondientes, lo que a\u00f1ade un atractivo adicional para los atletas que buscan superar sus marcas personales o alcanzar logros destacados en el \u00e1mbito del atletismo de larga distancia.<\/span><\/p><p><span style=\"color: #000000;\">La ciudad de Santander, conocida por su belleza natural y su ambiente acogedor, ser\u00e1 el escenario perfecto para este desaf\u00edo, que atraer\u00e1 a corredores de todo el mundo. El evento no solo promueve el esp\u00edritu deportivo, sino que tambi\u00e9n fomenta el turismo y la actividad f\u00edsica en la regi\u00f3n, consolid\u00e1ndose como una cita imprescindible en el calendario de los amantes del ultramarat\u00f3n.<\/span><\/p><p><span style=\"color: #000000;\">Si eres un apasionado de las carreras de resistencia o simplemente deseas vivir una experiencia \u00fanica, el <strong>Festival de Ultrafondo &#8211; <em>100\/50km y 24 Horas de Cantabria-Ciudad de Santander <\/em><\/strong>son una oportunidad excepcional para poner a prueba tus l\u00edmites y formar parte de una competici\u00f3n de alto nivel. \u00a1Prep\u00e1rate para correr y disfrutar de un evento inolvidable en 2026!<\/span><\/p><h2><strong><span style=\"color: #0000ff;\">\u00a0Todos los tiempos realizados son oficiales y v\u00e1lidos.<\/span><\/strong><\/h2><p><strong><span style=\"color: #000000;\"><span style=\"color: #ff0000;\">La prueba tiene car\u00e1cter Internacional, podr\u00e1n correr atletas<\/span> <span style=\"color: #ff0000;\">de todo el mundo.<\/span><\/span><\/strong><\/p>\t\t\t\t\t\t\t\t<\/div>\n\t\t\t\t<\/div>\n\t\t\t\t<div class=\"elementor-element elementor-element-ea6c1d7 elementor-widget elementor-widget-image\" data-id=\"ea6c1d7\" data-element_type=\"widget\" data-widget_type=\"image.default\">\n\t\t\t\t<div class=\"elementor-widget-container\">\n\t\t\t\t\t\t\t\t\t\t\t\t\t\t\t<img fetchpriority=\"high\" decoding=\"async\" width=\"300\" height=\"232\" src=\"https:\/\/www.24hsantander.com\/wp-content\/uploads\/2023\/12\/mapa-300x232.jpg\" class=\"attachment-medium size-medium wp-image-1109\" alt=\"\" srcset=\"https:\/\/www.24hsantander.com\/wp-content\/uploads\/2023\/12\/mapa-300x232.jpg 300w, https:\/\/www.24hsantander.com\/wp-content\/uploads\/2023\/12\/mapa-1024x793.jpg 1024w, https:\/\/www.24hsantander.com\/wp-content\/uploads\/2023\/12\/mapa-768x595.jpg 768w, https:\/\/www.24hsantander.com\/wp-content\/uploads\/2023\/12\/mapa.jpg 1300w\" sizes=\"(max-width: 300px) 100vw, 300px\" \/>\t\t\t\t\t\t\t\t\t\t\t\t\t\t\t<\/div>\n\t\t\t\t<\/div>\n\t\t\t\t\t<\/div>\n\t\t<\/div>\n\t\t\t\t\t<\/div>\n\t\t<\/section>\n\t\t\t\t<section class=\"elementor-section elementor-top-section elementor-element elementor-element-49883a3 elementor-section-boxed elementor-section-height-default elementor-section-height-default\" data-id=\"49883a3\" data-element_type=\"section\">\n\t\t\t\t\t\t<div class=\"elementor-container elementor-column-gap-default\">\n\t\t\t\t\t<div class=\"elementor-column elementor-col-100 elementor-top-column elementor-element elementor-element-80e4177\" data-id=\"80e4177\" data-element_type=\"column\">\n\t\t\t<div class=\"elementor-widget-wrap elementor-element-populated\">\n\t\t\t\t\t\t<div class=\"elementor-element elementor-element-8d1c1b1 elementor-widget elementor-widget-text-editor\" data-id=\"8d1c1b1\" data-element_type=\"widget\" data-widget_type=\"text-editor.default\">\n\t\t\t\t<div class=\"elementor-widget-container\">\n\t\t\t\t\t\t\t\t\t<div class=\"l7ghb35v kjdc1dyq kmwttqpk gh25dzvf jikcssrz n3t5jt4f\" style=\"overflow-wrap: break-word; margin: 0.5em 0px 0px; white-space: pre-wrap; font-family: 'Segoe UI Historic', 'Segoe UI', Helvetica, Arial, sans-serif; color: #050505; font-size: 15px; background-color: #ffffff;\"><div dir=\"auto\" style=\"font-family: inherit;\"><p><strong><u>S\u00e1bado 5 septiembre<\/u><\/strong><\/p><p><strong>09.00<\/strong> salida 50Km, 100Km, 3h, 12h y 24 horas<\/p><p><strong>12.00<\/strong> Fin de las 3 horas y llegada de los atletas de 50 km<\/p><p><strong>12.30<\/strong> entrega premios 3 horas<\/p><p><strong>16.00 <\/strong>Salida de las 6 horas<\/p><p><strong>16.30<\/strong> Llegada de los primeros atletas 100 Km<\/p><p><strong>19.00<\/strong> entrega premios 50 Km y 100 Km<\/p><p><strong>21.00<\/strong> Fin 12 horas<\/p><p><strong>21.30<\/strong> entrega premios 12 horas<\/p><p><strong>22.00<\/strong> Fin 6 horas<\/p><p><strong>22.30<\/strong> entrega premios 6 horas<\/p><p><strong><u>Domingo 6 septiembre<\/u><\/strong><\/p><p><strong>09.00<\/strong> Fin de las\u00a0 24 horas<\/p><p><strong>10.00<\/strong> entrega premios 24 horas<\/p><\/div><\/div>\t\t\t\t\t\t\t\t<\/div>\n\t\t\t\t<\/div>\n\t\t\t\t\t<\/div>\n\t\t<\/div>\n\t\t\t\t\t<\/div>\n\t\t<\/section>\n\t\t\t\t<section class=\"elementor-section elementor-top-section elementor-element elementor-element-84d1831 elementor-section-boxed elementor-section-height-default elementor-section-height-default\" data-id=\"84d1831\" data-element_type=\"section\">\n\t\t\t\t\t\t<div class=\"elementor-container elementor-column-gap-default\">\n\t\t\t\t\t<div class=\"elementor-column elementor-col-100 elementor-top-column elementor-element elementor-element-fffea5a\" data-id=\"fffea5a\" data-element_type=\"column\">\n\t\t\t<div class=\"elementor-widget-wrap elementor-element-populated\">\n\t\t\t\t\t\t<div class=\"elementor-element elementor-element-eccf0d2 elementor-widget elementor-widget-heading\" data-id=\"eccf0d2\" data-element_type=\"widget\" data-widget_type=\"heading.default\">\n\t\t\t\t<div class=\"elementor-widget-container\">\n\t\t\t\t\t<h2 class=\"elementor-heading-title elementor-size-small\">Plano de la zona de meta con todos los servicios: Ambulancia con soporte vital avanzado, zona de masaje,  avituallamientos (general y el personal con mesas para dejar las bebidas etc), neveras,  zona de descanso, zona de acampada, WC, punto de luz para cargar m\u00f3viles, mp3, etc.<\/h2>\t\t\t\t<\/div>\n\t\t\t\t<\/div>\n\t\t\t\t<div class=\"elementor-element elementor-element-a51ef81 elementor-widget elementor-widget-image\" data-id=\"a51ef81\" data-element_type=\"widget\" data-widget_type=\"image.default\">\n\t\t\t\t<div class=\"elementor-widget-container\">\n\t\t\t\t\t\t\t\t\t\t\t\t\t\t\t<img decoding=\"async\" width=\"768\" height=\"668\" src=\"https:\/\/www.24hsantander.com\/wp-content\/uploads\/2023\/03\/Screenshot_20230323_000742_Samsung-Notes-768x668.jpg\" class=\"attachment-medium_large size-medium_large wp-image-923\" alt=\"\" srcset=\"https:\/\/www.24hsantander.com\/wp-content\/uploads\/2023\/03\/Screenshot_20230323_000742_Samsung-Notes-768x668.jpg 768w, https:\/\/www.24hsantander.com\/wp-content\/uploads\/2023\/03\/Screenshot_20230323_000742_Samsung-Notes-300x261.jpg 300w, https:\/\/www.24hsantander.com\/wp-content\/uploads\/2023\/03\/Screenshot_20230323_000742_Samsung-Notes.jpg 934w\" sizes=\"(max-width: 768px) 100vw, 768px\" \/>\t\t\t\t\t\t\t\t\t\t\t\t\t\t\t<\/div>\n\t\t\t\t<\/div>\n\t\t\t\t\t<\/div>\n\t\t<\/div>\n\t\t\t\t\t<\/div>\n\t\t<\/section>\n\t\t\t\t<section class=\"elementor-section elementor-top-section elementor-element elementor-element-5e8fe43 elementor-section-boxed elementor-section-height-default elementor-section-height-default\" data-id=\"5e8fe43\" data-element_type=\"section\">\n\t\t\t\t\t\t<div class=\"elementor-container elementor-column-gap-default\">\n\t\t\t\t\t<div class=\"elementor-column elementor-col-50 elementor-top-column elementor-element elementor-element-2edc094\" data-id=\"2edc094\" data-element_type=\"column\">\n\t\t\t<div class=\"elementor-widget-wrap elementor-element-populated\">\n\t\t\t\t\t\t<div class=\"elementor-element elementor-element-fec6d7f elementor-widget elementor-widget-video\" data-id=\"fec6d7f\" data-element_type=\"widget\" data-settings=\"{&quot;youtube_url&quot;:&quot;https:\\\/\\\/youtu.be\\\/n7B1xqZStoQ&quot;,&quot;autoplay&quot;:&quot;yes&quot;,&quot;video_type&quot;:&quot;youtube&quot;,&quot;controls&quot;:&quot;yes&quot;}\" data-widget_type=\"video.default\">\n\t\t\t\t<div class=\"elementor-widget-container\">\n\t\t\t\t\t\t\t<div class=\"elementor-wrapper elementor-open-inline\">\n\t\t\t<div class=\"elementor-video\"><\/div>\t\t<\/div>\n\t\t\t\t\t\t<\/div>\n\t\t\t\t<\/div>\n\t\t\t\t\t<\/div>\n\t\t<\/div>\n\t\t\t\t<div class=\"elementor-column elementor-col-50 elementor-top-column elementor-element elementor-element-4452ec6\" data-id=\"4452ec6\" data-element_type=\"column\">\n\t\t\t<div class=\"elementor-widget-wrap elementor-element-populated\">\n\t\t\t\t\t\t\t<\/div>\n\t\t<\/div>\n\t\t\t\t\t<\/div>\n\t\t<\/section>\n\t\t\t\t<section class=\"elementor-section elementor-top-section elementor-element elementor-element-c7317b5 elementor-section-boxed elementor-section-height-default elementor-section-height-default\" data-id=\"c7317b5\" data-element_type=\"section\">\n\t\t\t\t\t\t<div class=\"elementor-container elementor-column-gap-default\">\n\t\t\t\t\t<div class=\"elementor-column elementor-col-100 elementor-top-column elementor-element elementor-element-2af629b\" data-id=\"2af629b\" data-element_type=\"column\">\n\t\t\t<div class=\"elementor-widget-wrap\">\n\t\t\t\t\t\t\t<\/div>\n\t\t<\/div>\n\t\t\t\t\t<\/div>\n\t\t<\/section>\n\t\t\t\t<section class=\"elementor-section elementor-top-section elementor-element elementor-element-d67acd3 elementor-section-boxed elementor-section-height-default elementor-section-height-default\" data-id=\"d67acd3\" data-element_type=\"section\">\n\t\t\t\t\t\t<div class=\"elementor-container elementor-column-gap-default\">\n\t\t\t\t\t<div class=\"elementor-column elementor-col-100 elementor-top-column elementor-element elementor-element-5bb7c59\" data-id=\"5bb7c59\" data-element_type=\"column\">\n\t\t\t<div class=\"elementor-widget-wrap\">\n\t\t\t\t\t\t\t<\/div>\n\t\t<\/div>\n\t\t\t\t\t<\/div>\n\t\t<\/section>\n\t\t\t\t<\/div>\n\t\t","protected":false},"excerpt":{"rendered":"<p>El\u00a0Festival de Ultrafondo &#8211; 100\/50km y 24 Horas de Cantabria-Ciudad de Santander, es un prestigioso evento deportivo que se llevar\u00e1 a cabo los d\u00edas\u00a05 y 6 de septiembre de 2026\u00a0en la ciudad de\u00a0Santander, Espa\u00f1a. Esta prueba, reconocida y homologada por la\u00a0Real Federaci\u00f3n Espa\u00f1ola de Atletismo (RFEA), ofrece a los participantes la oportunidad de competir en&hellip;&nbsp;<a href=\"https:\/\/www.24hsantander.com\/\" rel=\"bookmark\">Leer m\u00e1s &raquo;<span class=\"screen-reader-text\">Inicio<\/span><\/a><\/p>\n","protected":false},"author":1,"featured_media":0,"parent":0,"menu_order":0,"comment_status":"closed","ping_status":"closed","template":"","meta":{"neve_meta_sidebar":"","neve_meta_container":"","neve_meta_enable_content_width":"","neve_meta_content_width":0,"neve_meta_title_alignment":"","neve_meta_author_avatar":"","neve_post_elements_order":"","neve_meta_disable_header":"","neve_meta_disable_footer":"","neve_meta_disable_title":"","footnotes":""},"class_list":["post-13","page","type-page","status-publish","hentry"],"jetpack_sharing_enabled":true,"_links":{"self":[{"href":"https:\/\/www.24hsantander.com\/index.php\/wp-json\/wp\/v2\/pages\/13","targetHints":{"allow":["GET"]}}],"collection":[{"href":"https:\/\/www.24hsantander.com\/index.php\/wp-json\/wp\/v2\/pages"}],"about":[{"href":"https:\/\/www.24hsantander.com\/index.php\/wp-json\/wp\/v2\/types\/page"}],"author":[{"embeddable":true,"href":"https:\/\/www.24hsantander.com\/index.php\/wp-json\/wp\/v2\/users\/1"}],"replies":[{"embeddable":true,"href":"https:\/\/www.24hsantander.com\/index.php\/wp-json\/wp\/v2\/comments?post=13"}],"version-history":[{"count":223,"href":"https:\/\/www.24hsantander.com\/index.php\/wp-json\/wp\/v2\/pages\/13\/revisions"}],"predecessor-version":[{"id":1392,"href":"https:\/\/www.24hsantander.com\/index.php\/wp-json\/wp\/v2\/pages\/13\/revisions\/1392"}],"wp:attachment":[{"href":"https:\/\/www.24hsantander.com\/index.php\/wp-json\/wp\/v2\/media?parent=13"}],"curies":[{"name":"wp","href":"https:\/\/api.w.org\/{rel}","templated":true}]}}